{"id":16,"date":"2023-07-11T13:00:34","date_gmt":"2023-07-11T13:00:34","guid":{"rendered":"https:\/\/kompostana.cistoca-metkovic.hr\/home\/"},"modified":"2023-09-22T12:30:40","modified_gmt":"2023-09-22T12:30:40","slug":"home","status":"publish","type":"page","link":"https:\/\/kompostana.cistoca-metkovic.hr\/","title":{"rendered":"Home"},"content":{"rendered":"\n\n\n<h1>kompostana metkovi\u0107<\/h1>\n<p style=\"text-align: center; color: rgb(0, 0, 0); font-size: medium;\">Dobrodo\u0161li na stranice Kompostane Metkovi\u0107<\/p>\n\n\n\n\n\n\n\n\n\n\n<h2>Projekt kompostane metkovi\u0107<\/h2>\n\n<p class=\"MsoNormal\" style=\"margin-bottom:0cm;line-height:normal;mso-outline-level:\n2;background:#F7F7F7\"><strong><span style=\"font-size:12.0pt;font-family:Dosis;\nmso-fareast-font-family:&quot;Times New Roman&quot;;mso-bidi-font-family:&quot;Open Sans&quot;;\ncolor:#252525;mso-font-kerning:0pt;mso-ligatures:none;mso-fareast-language:\nHR\"><\/span><\/strong><\/p><span style=\"font-size:normal;\"><p class=\"MsoNormal\" style=\"margin-bottom:0cm;line-height:normal;mso-outline-level:\n2;background:#F7F7F7\"><strong><span style=\"font-family: Dosis; color: rgb(37, 37, 37);\"><\/span><\/strong><\/p><span style=\"font-family:Courier;\"><p class=\"MsoNormal\" style=\"margin-bottom:0cm;line-height:normal;mso-outline-level:\n2;background:#F7F7F7\"><strong><span style=\"color: rgb(37, 37, 37);\">Podaci o projektu<o:p><\/o:p><\/span><\/strong><\/p><p class=\"MsoNormal\" style=\"margin-top:7.5pt;margin-right:0cm;margin-bottom:0cm;\nmargin-left:0cm;line-height:normal;background:white\"><strong><span style=\"color: rgb(51, 51, 51);\">Kod projekta:&nbsp;<\/span><\/strong><span style=\"color: rgb(51, 51, 51);\">KK.06.3.1.15.0015<strong><o:p><\/o:p><\/strong><\/span><\/p><p class=\"MsoNormal\" style=\"margin-top:7.5pt;margin-right:0cm;margin-bottom:0cm;\nmargin-left:0cm;line-height:normal;background:white\"><strong><span style=\"color: rgb(51, 51, 51);\">Naziv poziva:&nbsp;<\/span><\/strong><span style=\"color: rgb(51, 51, 51);\">Izgradnja i\nopremanje postrojenja za biolo\u0161ku obradu odvojeno sakupljenog biootpada<strong><o:p><\/o:p><\/strong><\/span><\/p><p class=\"MsoNormal\" style=\"margin-top:7.5pt;margin-right:0cm;margin-bottom:0cm;\nmargin-left:0cm;line-height:normal;background:white\"><strong><span style=\"color: rgb(51, 51, 51);\">Posredni\u010dko tijelo razine 1 (PT1):&nbsp;<\/span><\/strong><span style=\"color: rgb(51, 51, 51);\">Ministarstvo gospodarstva i odr\u017eivog razvoja<strong><o:p><\/o:p><\/strong><\/span><\/p><p class=\"MsoNormal\" style=\"margin-top:7.5pt;margin-right:0cm;margin-bottom:0cm;\nmargin-left:0cm;line-height:normal;background:white\"><strong><span style=\"color: rgb(51, 51, 51);\">Posredni\u010dko tijelo razine 2 (PT2):&nbsp;<\/span><\/strong><span style=\"color: rgb(51, 51, 51);\">Fond za za\u0161titu okoli\u0161a i energetsku u\u010dinkovitost<strong><o:p><\/o:p><\/strong><\/span><\/p><p class=\"MsoNormal\" style=\"margin-top:7.5pt;margin-right:0cm;margin-bottom:0cm;\nmargin-left:0cm;line-height:normal;background:white\"><strong><span style=\"color: rgb(51, 51, 51);\">Po\u010detak provedbe:&nbsp;<\/span><\/strong><span style=\"color: rgb(51, 51, 51);\">27.03.2020.<strong><o:p><\/o:p><\/strong><\/span><\/p><p class=\"MsoNormal\" style=\"margin-top:7.5pt;margin-right:0cm;margin-bottom:0cm;\nmargin-left:0cm;line-height:normal;background:white\"><strong><span style=\"color: rgb(51, 51, 51);\">Kraj provedbe:&nbsp;<\/span><\/strong><span style=\"color: rgb(51, 51, 51);\">27.07.2023.<strong><o:p><\/o:p><\/strong><\/span><\/p><p class=\"MsoNormal\" style=\"margin-top:7.5pt;margin-right:0cm;margin-bottom:7.5pt;\nmargin-left:0cm;line-height:normal;background:white\"><strong><span style=\"color: rgb(51, 51, 51);\">Trajanje provedbe (mjeseci):&nbsp;<\/span><\/strong><span style=\"color: rgb(51, 51, 51);\">40<strong><o:p><\/o:p><\/strong><\/span><\/p><p class=\"MsoNormal\" style=\"margin-bottom:0cm;line-height:normal;mso-outline-level:\n2;background:#F7F7F7\"><strong><span style=\"color: rgb(37, 37, 37);\">Podaci o korisniku<o:p><\/o:p><\/span><\/strong><\/p><p class=\"MsoNormal\" style=\"margin-top:7.5pt;margin-right:0cm;margin-bottom:0cm;\nmargin-left:0cm;line-height:normal;background:white\"><strong><span style=\"color: rgb(51, 51, 51);\">Prijavitelj:&nbsp;<\/span><\/strong><span style=\"color: rgb(51, 51, 51);\">\u010cISTO\u0106A\nMETKOVI\u0106 d.o.o. za obavljanje komunalnih djelatnosti<strong><o:p><\/o:p><\/strong><\/span><\/p><p class=\"MsoNormal\" style=\"margin-top:7.5pt;margin-right:0cm;margin-bottom:0cm;\nmargin-left:0cm;line-height:normal;background:white\"><strong><span style=\"color: rgb(51, 51, 51);\">Jedinstveni broj prijavitelja:&nbsp;<\/span><\/strong><span style=\"color: rgb(51, 51, 51);\">53973515423<strong><o:p><\/o:p><\/strong><\/span><\/p><p class=\"MsoNormal\" style=\"margin-top:7.5pt;margin-right:0cm;margin-bottom:0cm;\nmargin-left:0cm;line-height:normal;background:white\"><strong><span style=\"color: rgb(51, 51, 51);\">Adresa:&nbsp;<\/span><\/strong><span style=\"color: rgb(51, 51, 51);\">Mostarska 10, Metkovi\u0107<strong><o:p><\/o:p><\/strong><\/span><\/p><p class=\"MsoNormal\" style=\"margin-top:7.5pt;margin-right:0cm;margin-bottom:0cm;\nmargin-left:0cm;line-height:normal;background:white\"><strong><span style=\"color: rgb(51, 51, 51);\">E-po\u0161ta:&nbsp;<\/span><\/strong><span style=\"color: rgb(51, 51, 51);\">info@metkovic-komunalno.hr<strong><o:p><\/o:p><\/strong><\/span><\/p><p class=\"MsoNormal\" style=\"margin-top:7.5pt;margin-right:0cm;margin-bottom:0cm;\nmargin-left:0cm;line-height:normal;background:white\"><strong><span style=\"color: rgb(51, 51, 51);\">Telefon:&nbsp;<\/span><\/strong><span style=\"color: rgb(51, 51, 51);\">+385 020685138<strong><o:p><\/o:p><\/strong><\/span><\/p><p class=\"MsoNormal\" style=\"margin-top:7.5pt;margin-right:0cm;margin-bottom:0cm;\nmargin-left:0cm;line-height:normal;background:white\"><strong><span style=\"color: rgb(51, 51, 51);\">Odgovorna osoba:&nbsp;<\/span><\/strong><span style=\"color: rgb(51, 51, 51);\">TOMISLAV JAKI\u0106<\/span><\/p><\/span><p class=\"MsoNormal\" style=\"margin-top:7.5pt;margin-right:0cm;margin-bottom:0cm;\nmargin-left:0cm;line-height:normal;background:white\"><span style=\"font-family: &quot;Open Sans&quot;, sans-serif; color: rgb(51, 51, 51);\"><strong><o:p><\/o:p><\/strong><\/span><\/p><p class=\"MsoNormal\" align=\"center\" style=\"margin-top:11.25pt;margin-right:0cm;\nmargin-bottom:7.5pt;margin-left:0cm;text-align:center;line-height:normal;\nbackground:white\"><span style=\"font-family: &quot;Open Sans&quot;, sans-serif; color: rgb(51, 51, 51);\">\n\n<\/span><\/p><hr size=\"4\" width=\"571\" style=\"width:428.6pt\" align=\"center\">\n\n<\/span><p class=\"MsoNormal\" style=\"margin-top:7.5pt;margin-right:0cm;margin-bottom:0cm;\nmargin-left:0cm;line-height:normal;background:white\"><span style=\"font-size:10.5pt;\nfont-family:&quot;Open Sans&quot;,sans-serif;mso-fareast-font-family:&quot;Times New Roman&quot;;\ncolor:#333333;mso-font-kerning:0pt;mso-ligatures:none;mso-fareast-language:\nHR\"><\/span><\/p>\n<p class=\"MsoNormal\" style=\"margin-top:7.5pt;margin-right:0cm;margin-bottom:0cm;\nmargin-left:0cm;line-height:normal;background:white\"><span style=\"font-size:10.5pt;\nfont-family:&quot;Open Sans&quot;,sans-serif;mso-fareast-font-family:&quot;Times New Roman&quot;;\ncolor:#333333;mso-font-kerning:0pt;mso-ligatures:none;mso-fareast-language:\nHR\"><\/span><strong><u><span style=\"font-size:12.0pt;line-height:107%;\nmso-bidi-font-family:Calibri;mso-bidi-theme-font:minor-latin\">Ukupna vrijednost\nprojekta (EUR)<\/span><\/u><\/strong><\/p>\n<p class=\"MsoNormal\" style=\"margin-top:7.5pt;margin-right:0cm;margin-bottom:0cm;\nmargin-left:0cm;line-height:normal;background:white\"><strong><u><span style=\"font-size:12.0pt;line-height:107%;\nmso-bidi-font-family:Calibri;mso-bidi-theme-font:minor-latin\"><\/span><\/u><\/strong><\/p>\n\n<p class=\"MsoNormal\"><span style=\"font-size:12.0pt;line-height:107%;mso-bidi-font-family:\nCalibri;mso-bidi-theme-font:minor-latin\"><\/span><\/p><span style=\"font-family:Courier;\"><p class=\"MsoNormal\"><span style=\"font-size:12.0pt;line-height:107%;mso-bidi-font-family:\nCalibri;mso-bidi-theme-font:minor-latin\">Ukupna vrijednost projekta&nbsp; 3.241.761,09 \u20ac&nbsp; \/&nbsp; 24.425.048,92 kn<o:p><\/o:p><\/span><\/p>\n\n<p class=\"MsoNormal\"><span style=\"font-size:12.0pt;line-height:107%;mso-bidi-font-family:\nCalibri;mso-bidi-theme-font:minor-latin\">Ukupni prihvatljivi tro\u0161kovi&nbsp; 3.220.121,79 \u20ac&nbsp; \/&nbsp; 24.262.007,64 kn<o:p><\/o:p><\/span><\/p>\n\n<p class=\"MsoNormal\"><span style=\"font-size:12.0pt;line-height:107%;mso-bidi-font-family:\nCalibri;mso-bidi-theme-font:minor-latin\">Ukupni neprihvatljivi tro\u0161kovi&nbsp; 21.639,30 \u20ac \/&nbsp;\n163.041,31 kn<o:p><\/o:p><\/span><\/p>\n\n<p class=\"MsoNormal\"><span style=\"font-size:12.0pt;line-height:107%;mso-bidi-font-family:\nCalibri;mso-bidi-theme-font:minor-latin\">Neprihvatljivi tro\u0161kovi &#8211; javna\nsredstva 21.639,30 \u20ac&nbsp; \/&nbsp; 163.041,31 kn<o:p><\/o:p><\/span><\/p>\n\n<p class=\"MsoNormal\"><span style=\"font-size:12.0pt;line-height:107%;mso-bidi-font-family:\nCalibri;mso-bidi-theme-font:minor-latin\">Intenzitet potpore : 50,0000000%<o:p><\/o:p><\/span><\/p>\n\n<p class=\"MsoNormal\"><span style=\"font-size:12.0pt;line-height:107%;mso-bidi-font-family:\nCalibri;mso-bidi-theme-font:minor-latin\">Sredstva korisnika: 1.610.060,90\n\u20ac&nbsp; \/&nbsp;\n12.131.003,82 kn<o:p><\/o:p><\/span><\/p>\n\n<p class=\"MsoNormal\"><span style=\"font-size:12.0pt;line-height:107%;mso-bidi-font-family:\nCalibri;mso-bidi-theme-font:minor-latin\">Bespovratna sredstva: 1.610.060,90\n\u20ac&nbsp; \/&nbsp;\n12.131.003,82 kn<o:p><\/o:p><\/span><\/p>\n\n<p class=\"MsoNormal\"><\/p><\/span><p class=\"MsoNormal\"><span style=\"font-size:12.0pt;line-height:107%;mso-bidi-font-family:\nCalibri;mso-bidi-theme-font:minor-latin\"><br><\/span><\/p>\n<p class=\"MsoNormal\" style=\"text-align: left;\"><span style=\"font-size:12.0pt;line-height:107%;mso-bidi-font-family:\nCalibri;mso-bidi-theme-font:minor-latin\"><\/span><\/p><p style=\"text-align: left;\"><span style=\"font-family:Courier;\"><p class=\"MsoNormal\" style=\"text-align: left;\"><span style=\"font-size:12.0pt;line-height:107%;mso-bidi-font-family:\nCalibri;mso-bidi-theme-font:minor-latin\">Aktivnosti:<o:p><\/o:p><\/span><\/p><p style=\"text-align: left;\">\n\n<\/p><span style=\"font-size:medium;\"><p style=\"text-align: left;\"><\/p><p class=\"MsoListParagraphCxSpFirst\" style=\"text-indent: -18pt; text-align: left;\"><span style=\"line-height: 107%;\">1.<span style=\"font-variant-numeric: normal; font-variant-east-asian: normal; font-variant-alternates: normal; font-kerning: auto; font-optical-sizing: auto; font-feature-settings: normal; font-variation-settings: normal; font-stretch: normal; line-height: normal;\">&nbsp;&nbsp;&nbsp;&nbsp;&nbsp; <\/span><\/span><!--[endif]--><span style=\"line-height: 107%;\">Tro\u0161kovi upravljanja projektom&nbsp; 58.237,13 \u20ac&nbsp; \/&nbsp; <em>438.787,68 kn<\/em><o:p><\/o:p><\/span><\/p>\n\n<p class=\"MsoListParagraphCxSpMiddle\" style=\"text-indent: -18pt; text-align: left;\"><span style=\"line-height: 107%;\">2.<span style=\"font-variant-numeric: normal; font-variant-east-asian: normal; font-variant-alternates: normal; font-kerning: auto; font-optical-sizing: auto; font-feature-settings: normal; font-variation-settings: normal; font-stretch: normal; line-height: normal;\">&nbsp;&nbsp;&nbsp;&nbsp;&nbsp; <\/span><\/span><!--[endif]--><span style=\"line-height: 107%;\">Tro\u0161kovi nadzora&nbsp;&nbsp; 116.474,27 \u20ac&nbsp;\n\/&nbsp; <em>877.575,37 kn<\/em><o:p><\/o:p><\/span><\/p>\n\n<p class=\"MsoListParagraphCxSpMiddle\" style=\"text-indent: -18pt; text-align: left;\"><span style=\"line-height: 107%;\">3.<span style=\"font-variant-numeric: normal; font-variant-east-asian: normal; font-variant-alternates: normal; font-kerning: auto; font-optical-sizing: auto; font-feature-settings: normal; font-variation-settings: normal; font-stretch: normal; line-height: normal;\">&nbsp;&nbsp;&nbsp;&nbsp;&nbsp; <\/span><\/span><!--[endif]--><span style=\"line-height: 107%;\">Tro\u0161kovi promid\u017ebe i vidljivosti&nbsp; 14.559,28 \u20ac&nbsp;\n\/&nbsp;&nbsp;<em>109.696,92 &nbsp;kn<\/em><o:p><\/o:p><\/span><\/p>\n\n<p class=\"MsoListParagraphCxSpLast\" style=\"text-indent: -18pt; text-align: left;\"><span style=\"line-height: 107%;\">4.<span style=\"font-variant-numeric: normal; font-variant-east-asian: normal; font-variant-alternates: normal; font-kerning: auto; font-optical-sizing: auto; font-feature-settings: normal; font-variation-settings: normal; font-stretch: normal; line-height: normal;\">&nbsp;&nbsp;&nbsp;&nbsp;&nbsp; <\/span><\/span><!--[endif]--><span style=\"line-height: 107%;\">Tro\u0161kovi za izvo\u0111enje radova i\/ili\nopremanja&nbsp; 2.911.856,70 \u20ac \/&nbsp;&nbsp;<em>21.939.384,30\nkn<\/em><\/span><\/p><\/span><p class=\"MsoListParagraphCxSpLast\" style=\"text-indent: -18pt; text-align: left;\"><span style=\"font-size:12.0pt;line-height:107%;mso-bidi-font-family:Calibri;\nmso-bidi-theme-font:minor-latin\"><em><\/em><\/span><\/p><\/span><\/p><p class=\"MsoListParagraphCxSpLast\" style=\"text-indent: -18pt; text-align: left;\"><span style=\"font-size:12.0pt;line-height:107%;mso-bidi-font-family:Calibri;\nmso-bidi-theme-font:minor-latin\"><em><\/em><o:p><\/o:p><\/span><\/p>\n\n\n\n\n\n{&#8220;title&#8221;:&#8221;Posljedenje objavljeno&#8221;,&#8221;number&#8221;:&#8221;15&#8243;}\n<h2>Korisni linkovi<\/h2>\n\n\n\n\n\n\n\n","protected":false},"excerpt":{"rendered":"","protected":false},"author":0,"featured_media":0,"parent":0,"menu_order":0,"comment_status":"closed","ping_status":"closed","template":"","meta":{"_monsterinsights_skip_tracking":false,"_monsterinsights_sitenote_active":false,"_monsterinsights_sitenote_note":"","_monsterinsights_sitenote_category":0,"footnotes":""},"class_list":["post-16","page","type-page","status-publish","hentry"],"_links":{"self":[{"href":"https:\/\/kompostana.cistoca-metkovic.hr\/index.php?rest_route=\/wp\/v2\/pages\/16","targetHints":{"allow":["GET"]}}],"collection":[{"href":"https:\/\/kompostana.cistoca-metkovic.hr\/index.php?rest_route=\/wp\/v2\/pages"}],"about":[{"href":"https:\/\/kompostana.cistoca-metkovic.hr\/index.php?rest_route=\/wp\/v2\/types\/page"}],"replies":[{"embeddable":true,"href":"https:\/\/kompostana.cistoca-metkovic.hr\/index.php?rest_route=%2Fwp%2Fv2%2Fcomments&post=16"}],"version-history":[{"count":12,"href":"https:\/\/kompostana.cistoca-metkovic.hr\/index.php?rest_route=\/wp\/v2\/pages\/16\/revisions"}],"predecessor-version":[{"id":143,"href":"https:\/\/kompostana.cistoca-metkovic.hr\/index.php?rest_route=\/wp\/v2\/pages\/16\/revisions\/143"}],"wp:attachment":[{"href":"https:\/\/kompostana.cistoca-metkovic.hr\/index.php?rest_route=%2Fwp%2Fv2%2Fmedia&parent=16"}],"curies":[{"name":"wp","href":"https:\/\/api.w.org\/{rel}","templated":true}]}}